{"id":26465,"date":"2024-12-09T15:55:11","date_gmt":"2024-12-09T14:55:11","guid":{"rendered":"https:\/\/www.beadsforbeading.com\/?post_type=product&#038;p=26465"},"modified":"2024-12-09T15:56:52","modified_gmt":"2024-12-09T14:56:52","slug":"sfera-ambra-sfera-di-natale-con-foglia-oro-24-kt-e-filigrana","status":"publish","type":"product","link":"https:\/\/www.beadsforbeading.com\/en\/christmas-balls-in-murano-glass\/sfera-ambra-sfera-di-natale-con-foglia-oro-24-kt-e-filigrana\/","title":{"rendered":"Sfera Ambra &#8211; Sfera di Natale con foglia oro 24 kt e filigrana"},"content":{"rendered":"<p>Ciascuna di queste sfere natalizie, in vetro di Murano soffiato, \u00e8 un pezzo unico. Ne abbiamo di varie dimensioni. Queste, rispetto a quelle pi\u00f9 piccole, hanno una maggiore trasparenza proprio perch\u00e9, grazie alla soffiatura, la superficie si allarga e lascia passare la luce pi\u00f9 facilmente. La foglia oro, pi\u00f9 diradata e leggera, dona un effetto soffuso.<\/p>\n<p>Le piccole imperfezioni non costituiscono alcun difetto, ma sono indice di assoluta unicit\u00e0 del prodotto.<\/p>\n<p>Vetro di Murano soffiato a bocca originale e garantito con foglia oro 24 karati e filigrana.<br \/>\nDiametro: cm 7<\/p>\n<p>o Murano soffiato filigrana multicolore e avventurina colore rosso<\/p>\n","protected":false},"excerpt":{"rendered":"<p>Palla Natale in vetro di Murano soffiato a bocca originale e garantito con foglia oro 24kt<br \/>\nDiametro: cm 7<\/p>\n","protected":false},"featured_media":26466,"template":"","meta":[],"product_brand":[],"product_cat":[619],"product_tag":[],"class_list":{"0":"post-26465","1":"product","2":"type-product","3":"status-publish","4":"has-post-thumbnail","6":"product_cat-decorazioni-di-natale-in-vetro-di-murano","7":"product_shipping_class-fino-a-kg-5","9":"first","10":"instock","11":"taxable","12":"shipping-taxable","13":"purchasable","14":"product-type-simple"},"yoast_head":"<!-- This site is optimized with the Yoast SEO plugin v27.3 - https:\/\/yoast.com\/product\/yoast-seo-wordpress\/ -->\n<title>Sfera Ambra - Sfera di Natale con foglia oro 24 kt e filigrana | Beads for Beading<\/title>\n<meta name=\"description\" content=\"Palla Natale in vetro di Murano soffiato a bocca originale e garantito con foglia oro 24kt Diametro: cm 7\" \/>\n<meta name=\"robots\" content=\"index, follow, max-snippet:-1, max-image-preview:large, max-video-preview:-1\" \/>\n<link rel=\"canonical\" href=\"https:\/\/www.beadsforbeading.com\/en\/christmas-balls-in-murano-glass\/sfera-ambra-sfera-di-natale-con-foglia-oro-24-kt-e-filigrana\/\" \/>\n<meta property=\"og:locale\" content=\"en_US\" \/>\n<meta property=\"og:type\" content=\"article\" \/>\n<meta property=\"og:title\" content=\"Sfera Ambra - Sfera di Natale con foglia oro 24 kt e filigrana | Beads for Beading\" \/>\n<meta property=\"og:description\" content=\"Palla Natale in vetro di Murano soffiato a bocca originale e garantito con foglia oro 24kt Diametro: cm 7\" \/>\n<meta property=\"og:url\" content=\"https:\/\/www.beadsforbeading.com\/en\/christmas-balls-in-murano-glass\/sfera-ambra-sfera-di-natale-con-foglia-oro-24-kt-e-filigrana\/\" \/>\n<meta property=\"og:site_name\" content=\"Beads for Beading\" \/>\n<meta property=\"article:publisher\" content=\"https:\/\/www.facebook.com\/BeadsforBeading\" \/>\n<meta property=\"article:modified_time\" content=\"2024-12-09T14:56:52+00:00\" \/>\n<meta property=\"og:image\" content=\"https:\/\/www.beadsforbeading.com\/wp-content\/uploads\/sfera-natale-vetro-originale-murano-soffiato-oro-filigrana-ambra.jpg\" \/>\n\t<meta property=\"og:image:width\" content=\"1179\" \/>\n\t<meta property=\"og:image:height\" content=\"1129\" \/>\n\t<meta property=\"og:image:type\" content=\"image\/jpeg\" \/>\n<meta name=\"twitter:card\" content=\"summary_large_image\" \/>\n<script type=\"application\/ld+json\" class=\"yoast-schema-graph\">{\"@context\":\"https:\\\/\\\/schema.org\",\"@graph\":[{\"@type\":\"WebPage\",\"@id\":\"https:\\\/\\\/www.beadsforbeading.com\\\/en\\\/christmas-balls-in-murano-glass\\\/sfera-ambra-sfera-di-natale-con-foglia-oro-24-kt-e-filigrana\\\/\",\"url\":\"https:\\\/\\\/www.beadsforbeading.com\\\/en\\\/christmas-balls-in-murano-glass\\\/sfera-ambra-sfera-di-natale-con-foglia-oro-24-kt-e-filigrana\\\/\",\"name\":\"Sfera Ambra - Sfera di Natale con foglia oro 24 kt e filigrana | Beads for Beading\",\"isPartOf\":{\"@id\":\"https:\\\/\\\/www.beadsforbeading.com\\\/en\\\/#website\"},\"primaryImageOfPage\":{\"@id\":\"https:\\\/\\\/www.beadsforbeading.com\\\/en\\\/christmas-balls-in-murano-glass\\\/sfera-ambra-sfera-di-natale-con-foglia-oro-24-kt-e-filigrana\\\/#primaryimage\"},\"image\":{\"@id\":\"https:\\\/\\\/www.beadsforbeading.com\\\/en\\\/christmas-balls-in-murano-glass\\\/sfera-ambra-sfera-di-natale-con-foglia-oro-24-kt-e-filigrana\\\/#primaryimage\"},\"thumbnailUrl\":\"https:\\\/\\\/www.beadsforbeading.com\\\/wp-content\\\/uploads\\\/sfera-natale-vetro-originale-murano-soffiato-oro-filigrana-ambra.jpg\",\"datePublished\":\"2024-12-09T14:55:11+00:00\",\"dateModified\":\"2024-12-09T14:56:52+00:00\",\"description\":\"Palla Natale in vetro di Murano soffiato a bocca originale e garantito con foglia oro 24kt Diametro: cm 7\",\"breadcrumb\":{\"@id\":\"https:\\\/\\\/www.beadsforbeading.com\\\/en\\\/christmas-balls-in-murano-glass\\\/sfera-ambra-sfera-di-natale-con-foglia-oro-24-kt-e-filigrana\\\/#breadcrumb\"},\"inLanguage\":\"en-US\",\"potentialAction\":[{\"@type\":\"ReadAction\",\"target\":[\"https:\\\/\\\/www.beadsforbeading.com\\\/en\\\/christmas-balls-in-murano-glass\\\/sfera-ambra-sfera-di-natale-con-foglia-oro-24-kt-e-filigrana\\\/\"]}]},{\"@type\":\"ImageObject\",\"inLanguage\":\"en-US\",\"@id\":\"https:\\\/\\\/www.beadsforbeading.com\\\/en\\\/christmas-balls-in-murano-glass\\\/sfera-ambra-sfera-di-natale-con-foglia-oro-24-kt-e-filigrana\\\/#primaryimage\",\"url\":\"https:\\\/\\\/www.beadsforbeading.com\\\/wp-content\\\/uploads\\\/sfera-natale-vetro-originale-murano-soffiato-oro-filigrana-ambra.jpg\",\"contentUrl\":\"https:\\\/\\\/www.beadsforbeading.com\\\/wp-content\\\/uploads\\\/sfera-natale-vetro-originale-murano-soffiato-oro-filigrana-ambra.jpg\",\"width\":1179,\"height\":1129},{\"@type\":\"BreadcrumbList\",\"@id\":\"https:\\\/\\\/www.beadsforbeading.com\\\/en\\\/christmas-balls-in-murano-glass\\\/sfera-ambra-sfera-di-natale-con-foglia-oro-24-kt-e-filigrana\\\/#breadcrumb\",\"itemListElement\":[{\"@type\":\"ListItem\",\"position\":1,\"name\":\"Home\",\"item\":\"https:\\\/\\\/www.beadsforbeading.com\\\/en\\\/\"},{\"@type\":\"ListItem\",\"position\":2,\"name\":\"Shop\",\"item\":\"https:\\\/\\\/www.beadsforbeading.com\\\/en\\\/shop\\\/\"},{\"@type\":\"ListItem\",\"position\":3,\"name\":\"Christmas balls in Murano glass\",\"item\":\"https:\\\/\\\/www.beadsforbeading.com\\\/en\\\/christmas-balls-in-murano-glass\\\/\"},{\"@type\":\"ListItem\",\"position\":4,\"name\":\"Sfera Ambra &#8211; Sfera di Natale con foglia oro 24 kt e filigrana\"}]},{\"@type\":\"WebSite\",\"@id\":\"https:\\\/\\\/www.beadsforbeading.com\\\/en\\\/#website\",\"url\":\"https:\\\/\\\/www.beadsforbeading.com\\\/en\\\/\",\"name\":\"Beads for Beading\",\"description\":\"Vetro di Murano Originale\",\"publisher\":{\"@id\":\"https:\\\/\\\/www.beadsforbeading.com\\\/en\\\/#organization\"},\"potentialAction\":[{\"@type\":\"SearchAction\",\"target\":{\"@type\":\"EntryPoint\",\"urlTemplate\":\"https:\\\/\\\/www.beadsforbeading.com\\\/en\\\/?s={search_term_string}\"},\"query-input\":{\"@type\":\"PropertyValueSpecification\",\"valueRequired\":true,\"valueName\":\"search_term_string\"}}],\"inLanguage\":\"en-US\"},{\"@type\":\"Organization\",\"@id\":\"https:\\\/\\\/www.beadsforbeading.com\\\/en\\\/#organization\",\"name\":\"Beads for Beading\",\"url\":\"https:\\\/\\\/www.beadsforbeading.com\\\/en\\\/\",\"logo\":{\"@type\":\"ImageObject\",\"inLanguage\":\"en-US\",\"@id\":\"https:\\\/\\\/www.beadsforbeading.com\\\/en\\\/#\\\/schema\\\/logo\\\/image\\\/\",\"url\":\"https:\\\/\\\/www.beadsforbeading.com\\\/wp-content\\\/uploads\\\/2020\\\/03\\\/beads-for-beading-vetro-murano-originale.png\",\"contentUrl\":\"https:\\\/\\\/www.beadsforbeading.com\\\/wp-content\\\/uploads\\\/2020\\\/03\\\/beads-for-beading-vetro-murano-originale.png\",\"width\":1448,\"height\":182,\"caption\":\"Beads for Beading\"},\"image\":{\"@id\":\"https:\\\/\\\/www.beadsforbeading.com\\\/en\\\/#\\\/schema\\\/logo\\\/image\\\/\"},\"sameAs\":[\"https:\\\/\\\/www.facebook.com\\\/BeadsforBeading\",\"https:\\\/\\\/www.instagram.com\\\/Beadsforbeading\\\/\"]}]}<\/script>\n<!-- \/ Yoast SEO plugin. -->","yoast_head_json":{"title":"Sfera Ambra - Sfera di Natale con foglia oro 24 kt e filigrana | Beads for Beading","description":"Palla Natale in vetro di Murano soffiato a bocca originale e garantito con foglia oro 24kt Diametro: cm 7","robots":{"index":"index","follow":"follow","max-snippet":"max-snippet:-1","max-image-preview":"max-image-preview:large","max-video-preview":"max-video-preview:-1"},"canonical":"https:\/\/www.beadsforbeading.com\/en\/christmas-balls-in-murano-glass\/sfera-ambra-sfera-di-natale-con-foglia-oro-24-kt-e-filigrana\/","og_locale":"en_US","og_type":"article","og_title":"Sfera Ambra - Sfera di Natale con foglia oro 24 kt e filigrana | Beads for Beading","og_description":"Palla Natale in vetro di Murano soffiato a bocca originale e garantito con foglia oro 24kt Diametro: cm 7","og_url":"https:\/\/www.beadsforbeading.com\/en\/christmas-balls-in-murano-glass\/sfera-ambra-sfera-di-natale-con-foglia-oro-24-kt-e-filigrana\/","og_site_name":"Beads for Beading","article_publisher":"https:\/\/www.facebook.com\/BeadsforBeading","article_modified_time":"2024-12-09T14:56:52+00:00","og_image":[{"width":1179,"height":1129,"url":"https:\/\/www.beadsforbeading.com\/wp-content\/uploads\/sfera-natale-vetro-originale-murano-soffiato-oro-filigrana-ambra.jpg","type":"image\/jpeg"}],"twitter_card":"summary_large_image","schema":{"@context":"https:\/\/schema.org","@graph":[{"@type":"WebPage","@id":"https:\/\/www.beadsforbeading.com\/en\/christmas-balls-in-murano-glass\/sfera-ambra-sfera-di-natale-con-foglia-oro-24-kt-e-filigrana\/","url":"https:\/\/www.beadsforbeading.com\/en\/christmas-balls-in-murano-glass\/sfera-ambra-sfera-di-natale-con-foglia-oro-24-kt-e-filigrana\/","name":"Sfera Ambra - Sfera di Natale con foglia oro 24 kt e filigrana | Beads for Beading","isPartOf":{"@id":"https:\/\/www.beadsforbeading.com\/en\/#website"},"primaryImageOfPage":{"@id":"https:\/\/www.beadsforbeading.com\/en\/christmas-balls-in-murano-glass\/sfera-ambra-sfera-di-natale-con-foglia-oro-24-kt-e-filigrana\/#primaryimage"},"image":{"@id":"https:\/\/www.beadsforbeading.com\/en\/christmas-balls-in-murano-glass\/sfera-ambra-sfera-di-natale-con-foglia-oro-24-kt-e-filigrana\/#primaryimage"},"thumbnailUrl":"https:\/\/www.beadsforbeading.com\/wp-content\/uploads\/sfera-natale-vetro-originale-murano-soffiato-oro-filigrana-ambra.jpg","datePublished":"2024-12-09T14:55:11+00:00","dateModified":"2024-12-09T14:56:52+00:00","description":"Palla Natale in vetro di Murano soffiato a bocca originale e garantito con foglia oro 24kt Diametro: cm 7","breadcrumb":{"@id":"https:\/\/www.beadsforbeading.com\/en\/christmas-balls-in-murano-glass\/sfera-ambra-sfera-di-natale-con-foglia-oro-24-kt-e-filigrana\/#breadcrumb"},"inLanguage":"en-US","potentialAction":[{"@type":"ReadAction","target":["https:\/\/www.beadsforbeading.com\/en\/christmas-balls-in-murano-glass\/sfera-ambra-sfera-di-natale-con-foglia-oro-24-kt-e-filigrana\/"]}]},{"@type":"ImageObject","inLanguage":"en-US","@id":"https:\/\/www.beadsforbeading.com\/en\/christmas-balls-in-murano-glass\/sfera-ambra-sfera-di-natale-con-foglia-oro-24-kt-e-filigrana\/#primaryimage","url":"https:\/\/www.beadsforbeading.com\/wp-content\/uploads\/sfera-natale-vetro-originale-murano-soffiato-oro-filigrana-ambra.jpg","contentUrl":"https:\/\/www.beadsforbeading.com\/wp-content\/uploads\/sfera-natale-vetro-originale-murano-soffiato-oro-filigrana-ambra.jpg","width":1179,"height":1129},{"@type":"BreadcrumbList","@id":"https:\/\/www.beadsforbeading.com\/en\/christmas-balls-in-murano-glass\/sfera-ambra-sfera-di-natale-con-foglia-oro-24-kt-e-filigrana\/#breadcrumb","itemListElement":[{"@type":"ListItem","position":1,"name":"Home","item":"https:\/\/www.beadsforbeading.com\/en\/"},{"@type":"ListItem","position":2,"name":"Shop","item":"https:\/\/www.beadsforbeading.com\/en\/shop\/"},{"@type":"ListItem","position":3,"name":"Christmas balls in Murano glass","item":"https:\/\/www.beadsforbeading.com\/en\/christmas-balls-in-murano-glass\/"},{"@type":"ListItem","position":4,"name":"Sfera Ambra &#8211; Sfera di Natale con foglia oro 24 kt e filigrana"}]},{"@type":"WebSite","@id":"https:\/\/www.beadsforbeading.com\/en\/#website","url":"https:\/\/www.beadsforbeading.com\/en\/","name":"Beads for Beading","description":"Vetro di Murano Originale","publisher":{"@id":"https:\/\/www.beadsforbeading.com\/en\/#organization"},"potentialAction":[{"@type":"SearchAction","target":{"@type":"EntryPoint","urlTemplate":"https:\/\/www.beadsforbeading.com\/en\/?s={search_term_string}"},"query-input":{"@type":"PropertyValueSpecification","valueRequired":true,"valueName":"search_term_string"}}],"inLanguage":"en-US"},{"@type":"Organization","@id":"https:\/\/www.beadsforbeading.com\/en\/#organization","name":"Beads for Beading","url":"https:\/\/www.beadsforbeading.com\/en\/","logo":{"@type":"ImageObject","inLanguage":"en-US","@id":"https:\/\/www.beadsforbeading.com\/en\/#\/schema\/logo\/image\/","url":"https:\/\/www.beadsforbeading.com\/wp-content\/uploads\/2020\/03\/beads-for-beading-vetro-murano-originale.png","contentUrl":"https:\/\/www.beadsforbeading.com\/wp-content\/uploads\/2020\/03\/beads-for-beading-vetro-murano-originale.png","width":1448,"height":182,"caption":"Beads for Beading"},"image":{"@id":"https:\/\/www.beadsforbeading.com\/en\/#\/schema\/logo\/image\/"},"sameAs":["https:\/\/www.facebook.com\/BeadsforBeading","https:\/\/www.instagram.com\/Beadsforbeading\/"]}]}},"_links":{"self":[{"href":"https:\/\/www.beadsforbeading.com\/en\/wp-json\/wp\/v2\/product\/26465","targetHints":{"allow":["GET"]}}],"collection":[{"href":"https:\/\/www.beadsforbeading.com\/en\/wp-json\/wp\/v2\/product"}],"about":[{"href":"https:\/\/www.beadsforbeading.com\/en\/wp-json\/wp\/v2\/types\/product"}],"wp:featuredmedia":[{"embeddable":true,"href":"https:\/\/www.beadsforbeading.com\/en\/wp-json\/wp\/v2\/media\/26466"}],"wp:attachment":[{"href":"https:\/\/www.beadsforbeading.com\/en\/wp-json\/wp\/v2\/media?parent=26465"}],"wp:term":[{"taxonomy":"product_brand","embeddable":true,"href":"https:\/\/www.beadsforbeading.com\/en\/wp-json\/wp\/v2\/product_brand?post=26465"},{"taxonomy":"product_cat","embeddable":true,"href":"https:\/\/www.beadsforbeading.com\/en\/wp-json\/wp\/v2\/product_cat?post=26465"},{"taxonomy":"product_tag","embeddable":true,"href":"https:\/\/www.beadsforbeading.com\/en\/wp-json\/wp\/v2\/product_tag?post=26465"}],"curies":[{"name":"wp","href":"https:\/\/api.w.org\/{rel}","templated":true}]}}